{"id":33,"date":"2021-02-11T14:11:16","date_gmt":"2021-02-11T14:11:16","guid":{"rendered":"https:\/\/sylvia.ataraxie.fr\/index.php\/colibri-wp\/"},"modified":"2025-11-03T08:10:12","modified_gmt":"2025-11-03T08:10:12","slug":"colibri-wp","status":"publish","type":"page","link":"https:\/\/www.aubonheurdesmassages.com\/","title":{"rendered":"Accueil"},"content":{"rendered":"<div data-colibri-id=\"33-c1\" class=\"style-190 style-local-33-c1 position-relative\">\n  <!---->\n  <div data-colibri-component=\"section\" data-colibri-id=\"33-c2\" id=\"about\" class=\"h-section h-section-global-spacing d-flex align-items-lg-center align-items-md-center align-items-center style-198 style-local-33-c2 position-relative\">\n    <!---->\n    <!---->\n    <div class=\"h-section-grid-container h-section-boxed-container\">\n      <!---->\n      <div data-colibri-id=\"33-c3\" class=\"h-row-container gutters-row-lg-2 gutters-row-md-2 gutters-row-0 gutters-row-v-lg-2 gutters-row-v-md-2 gutters-row-v-2 style-635 style-local-33-c3 position-relative\">\n        <!---->\n        <div class=\"h-row justify-content-lg-center justify-content-md-center justify-content-center align-items-lg-stretch align-items-md-stretch align-items-stretch gutters-col-lg-2 gutters-col-md-2 gutters-col-0 gutters-col-v-lg-2 gutters-col-v-md-2 gutters-col-v-2\">\n          <!---->\n          <div class=\"h-column h-column-container d-flex h-col-lg-auto h-col-md-auto h-col-auto style-637-outer style-local-33-c4-outer\">\n            <div data-colibri-id=\"33-c4\" class=\"d-flex h-flex-basis h-column__inner h-px-lg-2 h-px-md-2 h-px-2 v-inner-lg-2 v-inner-md-2 v-inner-2 style-637 style-local-33-c4 position-relative\">\n              <!---->\n              <!---->\n              <div class=\"w-100 h-y-container h-column__content h-column__v-align flex-basis-100 align-self-lg-start align-self-md-start align-self-start\">\n                <!---->\n                <div data-colibri-id=\"33-c5\" class=\"h-text h-text-component style-638 style-local-33-c5 position-relative h-element\">\n                  <!---->\n                  <!---->\n                  <div class=\"\">\n                    <h4><em style=\"font-family: ABeeZee;\"><u>L&rsquo;ensemble des prestations est r\u00e9serv\u00e9 \u00e0 toutes les femmes ainsi qu&rsquo;aux hommes membres de Bio Sport Carcassonne<\/u><\/em><\/h4>\n                  <\/div>\n                <\/div>\n              <\/div>\n            <\/div>\n          <\/div>\n        <\/div>\n      <\/div>\n      <div data-colibri-id=\"33-c6\" class=\"h-row-container gutters-row-lg-0 gutters-row-md-0 gutters-row-0 gutters-row-v-lg-0 gutters-row-v-md-0 gutters-row-v-0 style-199 style-local-33-c6 position-relative\">\n        <!---->\n        <div class=\"h-row justify-content-lg-center justify-content-md-center justify-content-center align-items-lg-stretch align-items-md-stretch align-items-stretch gutters-col-lg-0 gutters-col-md-0 gutters-col-0 gutters-col-v-lg-0 gutters-col-v-md-0 gutters-col-v-0\">\n          <!---->\n          <div class=\"h-column h-column-container d-flex h-col-lg-auto h-col-md-auto h-col-auto style-200-outer style-local-33-c7-outer\">\n            <div data-colibri-id=\"33-c7\" class=\"d-flex h-flex-basis h-column__inner h-px-lg-0 h-px-md-0 h-px-0 v-inner-lg-0 v-inner-md-0 v-inner-0 style-200 style-local-33-c7 position-relative\">\n              <!---->\n              <!---->\n              <div class=\"w-100 h-y-container h-column__content h-column__v-align flex-basis-100 align-self-lg-start align-self-md-start align-self-start\">\n                <!---->\n                <div data-colibri-id=\"33-c8\" class=\"h-global-transition-all h-heading style-201 style-local-33-c8 position-relative h-element\">\n                  <!---->\n                  <div class=\"h-heading__outer style-201 style-local-33-c8\">\n                    <!---->\n                    <!---->\n                    <h5 class=\"\">Au Bonheur des Massages<\/h5>\n                  <\/div>\n                <\/div>\n                <div data-colibri-id=\"33-c9\" class=\"h-global-transition-all h-heading style-202 style-local-33-c9 position-relative h-element\">\n                  <!---->\n                  <div class=\"h-heading__outer style-202 style-local-33-c9\">\n                    <!---->\n                    <!---->\n                    <h6 class=\"\">\n                      <u>Coach de vie<\/u>, licenci\u00e9e en psychologie, je vous accompagne dans une \u00e9tape de vie, un blocage selon le principe TOS (approche solutionniste) D\u2019inspiration Ericksonienne (consultation 1h30 &#8211; 50 euros)\n                      <br>\n                      <br>Le \u00ab pourquoi \u00e7a va mal \u00bb sert peu \u00e0 la mise en place de \u00ab comment faire pour aller bien \u00bb\n                      <br>\n                      <br>Plut\u00f4t qu\u2019avoir une attitude de plainte et de cristallisation, on passe \u00e0 une construction dynamisante\n                      <br>\n                      <br>\n                      <u>Conseill\u00e8re en nutrition sant\u00e9<\/u>, r\u00e9\u00e9quilibrage alimentaire (chrono nutrition) : analyse de votre carnet alimentaire, activit\u00e9s physique, d\u00e9finition des objectifs, poids sant\u00e9 et comp\u00e9tences m\u00e9trique, comp\u00e9tences nutritionnelle\n                      sur le principe de la chrono- nutrition (consultation d\u20191h &#8211; 39 euros)<\/h6>\n                  <\/div>\n                <\/div>\n                <div data-colibri-id=\"33-c10\" class=\"h-text h-text-component style-203 style-local-33-c10 position-relative h-element\">\n                  <!---->\n                  <!---->\n                  <div class=\"\">\n                    <h6>Mes activit\u00e9s<\/h6>\n                    <p>&#8211; Massoth\u00e9rapeute<\/p>\n                    <p>&#8211; Psycho praticienne\n                      <br>\n                    <\/p>\n                    <p>&#8211;&nbsp;Atelier enfants pour comprendre les \u00e9motions et les contr\u00f4ler (massages habill\u00e9s et s\u00e9ance de relaxation par la respiration)<\/p>\n                    <p>&#8211;&nbsp;S\u00e9ances de relation, gestion du stress (Training Autog\u00e8ne de Schultz)<\/p>\n                    <p>&#8211; Soins \u00e9nerg\u00e9tiques (Reiki), c\u2019est une m\u00e9ditation par le toucher, c\u2019est-\u00e0-dire une m\u00e9ditation guid\u00e9e, en pleine conscience, pour la personne allong\u00e9e \u00e0 ne rien faire, pour remettre en route son \u00e9nergie.<\/p>\n                    <p>&#8211; Massages&nbsp;:<\/p>\n                    <p>&nbsp;o&nbsp;Energ\u00e9tiques&nbsp;: global chinois, assis, automassage chinois, hindu<\/p>\n                    <p>&nbsp;o Relaxant&nbsp;: pierres chaudes, hypoth\u00e9nuse (californien-Su\u00e9duois) , Cor\u00e9en ondulatoire, balinais ,hindu<\/p>\n                    <p>&nbsp;o Amincissant&nbsp;: balinais, techniques de p\u00e9trissage, drainage lymphatique<\/p>\n                    <p>&nbsp;o D\u00e9contraction et r\u00e9cup\u00e9ration musculaire, Hawaien, segmentaires avec p\u00e9trissages, percussions<\/p>\n                    <p>&nbsp;o Apaisant&nbsp;: techniques d\u2019effleurage et pression<\/p>\n                    <p>&nbsp;o&nbsp;&nbsp;L\u00e2cher prise&nbsp;: pierres chaudes, Onavi ondulatoire et vibratoire<\/p>\n                    <p>&nbsp;o Accompagnement grossesse pr\u00e9 et post natal (gestion stress, massages apaisant)<\/p>\n                    <p>&nbsp;o Suivi s\u00e9nior&nbsp;: man\u0153uvres apaisantes, relaxante (sur fauteuil, chaise ou alit\u00e9)<\/p>\n                  <\/div>\n                <\/div>\n              <\/div>\n            <\/div>\n          <\/div>\n          <div class=\"h-column h-column-container d-flex h-col-lg-auto h-col-md-auto h-col-auto style-204-outer style-local-33-c11-outer\">\n            <div data-colibri-id=\"33-c11\" class=\"d-flex h-flex-basis h-column__inner h-ui-empty-state-container h-px-lg-2 h-px-md-2 h-px-2 v-inner-lg-2 v-inner-md-2 v-inner-2 style-204 style-local-33-c11 position-relative\">\n              <!---->\n              <!---->\n              <div class=\"w-100 h-y-container h-column__content h-column__v-align flex-basis-100\">\n                <!---->\n              <\/div>\n            <\/div>\n          <\/div>\n        <\/div>\n      <\/div>\n      <div data-colibri-id=\"33-c12\" class=\"h-row-container gutters-row-lg-2 gutters-row-md-2 gutters-row-0 gutters-row-v-lg-2 gutters-row-v-md-2 gutters-row-v-2 style-631 style-local-33-c12 position-relative\">\n        <!---->\n        <div class=\"h-row justify-content-lg-center justify-content-md-center justify-content-center align-items-lg-stretch align-items-md-stretch align-items-stretch gutters-col-lg-2 gutters-col-md-2 gutters-col-0 gutters-col-v-lg-2 gutters-col-v-md-2 gutters-col-v-2\">\n          <!---->\n          <div class=\"h-column h-column-container d-flex h-col-lg-auto h-col-md-auto h-col-auto style-632-outer style-local-33-c13-outer\">\n            <div data-colibri-id=\"33-c13\" class=\"d-flex h-flex-basis h-column__inner h-px-lg-2 h-px-md-2 h-px-2 v-inner-lg-2 v-inner-md-2 v-inner-2 style-632 style-local-33-c13 position-relative\">\n              <!---->\n              <!---->\n              <div class=\"w-100 h-y-container h-column__content h-column__v-align flex-basis-100 align-self-lg-start align-self-md-start align-self-start\">\n                <!---->\n                <div data-colibri-id=\"33-c14\" class=\"d-block style-634 style-local-33-c14 position-relative h-element\">\n                  <!---->\n                  <div class=\"h-image__frame-container-outer\">\n                    <div class=\"h-image__frame-container\">\n                      <!---->\n                      <!---->\n                      <img decoding=\"async\" loading=\"lazy\" width=\"654\" height=\"973\" src=\"https:\/\/sylvia.ataraxie.fr\/wp-content\/uploads\/2021\/02\/logo-refait.png\" class=\"wp-image-39 style-634-image style-local-33-c14-image\" srcset=\"https:\/\/www.aubonheurdesmassages.com\/wp-content\/uploads\/2021\/02\/logo-refait.png 654w, https:\/\/www.aubonheurdesmassages.com\/wp-content\/uploads\/2021\/02\/logo-refait-202x300.png 202w\" sizes=\"(max-width: 654px) 100vw, 654px\" alt=\"\" \/>\n                      <div class=\"h-image__frame h-hide-lg h-hide-md h-hide-sm style-634-frameImage style-local-33-c14-frameImage\"><\/div>\n                    <\/div>\n                  <\/div>\n                <\/div>\n              <\/div>\n            <\/div>\n          <\/div>\n        <\/div>\n      <\/div>\n    <\/div>\n  <\/div>\n<\/div>","protected":false},"excerpt":{"rendered":"<p>L&rsquo;ensemble des prestations est r\u00e9serv\u00e9 \u00e0 toutes les femmes ainsi qu&rsquo;aux hommes membres de Bio Sport Carcassonne Au Bonheur des Massages Coach de vie, licenci\u00e9e en psychologie, je vous accompagne dans une \u00e9tape de vie, un blocage selon le principe TOS (approche solutionniste) D\u2019inspiration Ericksonienne (consultation 1h30 &#8211; 50 euros) Le \u00ab pourquoi \u00e7a va [&hellip;]<\/p>\n","protected":false},"author":1,"featured_media":0,"parent":0,"menu_order":0,"comment_status":"closed","ping_status":"closed","template":"page-templates\/homepage.php","meta":[],"_links":{"self":[{"href":"https:\/\/www.aubonheurdesmassages.com\/index.php\/wp-json\/wp\/v2\/pages\/33"}],"collection":[{"href":"https:\/\/www.aubonheurdesmassages.com\/index.php\/wp-json\/wp\/v2\/pages"}],"about":[{"href":"https:\/\/www.aubonheurdesmassages.com\/index.php\/wp-json\/wp\/v2\/types\/page"}],"author":[{"embeddable":true,"href":"https:\/\/www.aubonheurdesmassages.com\/index.php\/wp-json\/wp\/v2\/users\/1"}],"replies":[{"embeddable":true,"href":"https:\/\/www.aubonheurdesmassages.com\/index.php\/wp-json\/wp\/v2\/comments?post=33"}],"version-history":[{"count":20,"href":"https:\/\/www.aubonheurdesmassages.com\/index.php\/wp-json\/wp\/v2\/pages\/33\/revisions"}],"predecessor-version":[{"id":935,"href":"https:\/\/www.aubonheurdesmassages.com\/index.php\/wp-json\/wp\/v2\/pages\/33\/revisions\/935"}],"wp:attachment":[{"href":"https:\/\/www.aubonheurdesmassages.com\/index.php\/wp-json\/wp\/v2\/media?parent=33"}],"curies":[{"name":"wp","href":"https:\/\/api.w.org\/{rel}","templated":true}]}}