{"id":129,"date":"2021-02-24T13:13:53","date_gmt":"2021-02-24T13:13:53","guid":{"rendered":"https:\/\/sylvia.ataraxie.fr\/?page_id=129"},"modified":"2021-02-25T09:42:49","modified_gmt":"2021-02-25T09:42:49","slug":"le-drainage-lymphatique-manuel-dlm","status":"publish","type":"page","link":"https:\/\/www.aubonheurdesmassages.com\/index.php\/le-drainage-lymphatique-manuel-dlm\/","title":{"rendered":"LE DRAINAGE LYMPHATIQUE MANUEL  (DLM)"},"content":{"rendered":"<div data-colibri-id=\"129-c1\" class=\"style-514 style-local-129-c1 position-relative\">\n  <!---->\n  <div data-colibri-component=\"section\" data-colibri-id=\"129-c2\" id=\"about\" class=\"h-section h-section-global-spacing d-flex align-items-lg-center align-items-md-center align-items-center style-515 style-local-129-c2 position-relative\">\n    <!---->\n    <!---->\n    <div class=\"h-section-grid-container h-section-boxed-container\">\n      <!---->\n      <div data-colibri-id=\"129-c3\" class=\"h-row-container gutters-row-lg-0 gutters-row-md-0 gutters-row-0 gutters-row-v-lg-0 gutters-row-v-md-0 gutters-row-v-0 style-516 style-local-129-c3 position-relative\">\n        <!---->\n        <div class=\"h-row justify-content-lg-center justify-content-md-center justify-content-center align-items-lg-stretch align-items-md-stretch align-items-stretch gutters-col-lg-0 gutters-col-md-0 gutters-col-0 gutters-col-v-lg-0 gutters-col-v-md-0 gutters-col-v-0\">\n          <!---->\n          <div class=\"h-column h-column-container d-flex h-col-lg-auto h-col-md-auto h-col-auto style-517-outer style-local-129-c4-outer\">\n            <div data-colibri-id=\"129-c4\" class=\"d-flex h-flex-basis h-column__inner h-ui-empty-state-container h-px-lg-0 h-px-md-0 h-px-0 v-inner-lg-0 v-inner-md-0 v-inner-0 style-517 style-local-129-c4 position-relative\">\n              <!---->\n              <!---->\n              <div class=\"w-100 h-y-container h-column__content h-column__v-align flex-basis-100\">\n                <!---->\n              <\/div>\n            <\/div>\n          <\/div>\n          <div class=\"h-column h-column-container d-flex h-col-lg-auto h-col-md-auto h-col-auto style-518-outer style-local-129-c5-outer\">\n            <div data-colibri-id=\"129-c5\" class=\"d-flex h-flex-basis h-column__inner h-px-lg-2 h-px-md-2 h-px-2 v-inner-lg-2 v-inner-md-2 v-inner-2 style-518 style-local-129-c5 position-relative\">\n              <!---->\n              <!---->\n              <div class=\"w-100 h-y-container h-column__content h-column__v-align flex-basis-100 align-self-lg-start align-self-md-start align-self-start\">\n                <!---->\n                <div data-colibri-id=\"129-c8\" class=\"h-text h-text-component style-521 style-local-129-c8 position-relative h-element\">\n                  <!---->\n                  <!---->\n                  <div class=\"\">\n                    <p><span style=\"font-family: &quot;Times New Roman&quot;;\">Temps&nbsp;: 1h -1h15<\/span><\/p>\n                    <p><span style=\"font-family: &quot;Times New Roman&quot;;\">Le drainage lymphatique<\/span> <span style=\"font-family: &quot;Times New Roman&quot;;\">Technique de Vodder :<\/span><\/p>\n                    <p><span style=\"font-family: &quot;Times New Roman&quot;;\">&#8211; nettoie le corps,&nbsp;diminue les risques d\u2019infection,&nbsp;tonifie les intestins,<\/span><\/p>\n                    <p><span style=\"font-family: &quot;Times New Roman&quot;;\">&#8211; fortifie le syst\u00e8me immunitaire,&nbsp;Rel\u00e2che le syst\u00e8me nerveux,&nbsp;acc\u00e9l\u00e8re la cicatrisation,<\/span><\/p>\n                    <p><span style=\"font-family: &quot;Times New Roman&quot;;\">&#8211; diminue la cellulite, les varices et l\u2019insuffisance veineuse,<\/span><\/p>\n                    <p><span style=\"font-family: &quot;Times New Roman&quot;;\">&#8211; efficace dans le cas de lympoed\u00e8me du bras suite \u00e0 un cancer du sein<\/span><\/p>\n                    <p><span style=\"font-family: &quot;Times New Roman&quot;;\">&#8211; soulage la fibromyalgie<\/span><\/p>\n                    <p><span style=\"font-family: &quot;Times New Roman&quot;;\">&nbsp;Les contre-indications absolues du drainage lymphatique<\/span><\/p>\n                    <p><span style=\"font-family: &quot;Times New Roman&quot;;\">&nbsp;&#8211; Fi\u00e8vre, Infection d\u00e9clar\u00e9e, D\u00e9but d\u2019une condition inflammatoire, Cancer actif, Kyste ou une tumeur dont l\u2019origine n\u2019a pas \u00e9t\u00e9 d\u00e9termin\u00e9e par le m\u00e9decin.<\/span><\/p>\n                    <p><span style=\"font-family: &quot;Times New Roman&quot;;\">Les contre-indications relatives du drainage lymphatique<\/span><\/p>\n                    <p><span style=\"font-family: &quot;Times New Roman&quot;;\">&#8211; Probl\u00e8mes circulatoires, tout particuli\u00e8rement thrombose.<\/span><\/p>\n                    <p><span style=\"font-family: &quot;Times New Roman&quot;;\">&#8211; Risque d\u2019embolie ou de phl\u00e9bite,<\/span><\/p>\n                    <p><span style=\"font-family: &quot;Times New Roman&quot;;\">&#8211; Probl\u00e8mes cardiaques tels qu\u2019une maladie cardiaque, une angine de poitrine ou une<\/span><\/p>\n                    <p><span style=\"font-family: &quot;Times New Roman&quot;;\">insuffisance cardiaque : le drainage lymphatique augmente le montant de lymphe vers le c\u0153ur.<\/span><\/p>\n                    <p><span style=\"font-family: &quot;Times New Roman&quot;;\">&#8211; Hyperthyro\u00efdie<\/span><\/p>\n                    <p><span style=\"font-family: &quot;Times New Roman&quot;;\">&#8211; H\u00e9morragie interne ou externe<\/span><\/p>\n                    <p><span style=\"font-family: &quot;Times New Roman&quot;;\">&#8211; Asthme<\/span><\/p>\n                    <p><span style=\"font-family: &quot;Times New Roman&quot;;\">&#8211; Grossesse \u00e0 risque ou \u00e0 complication<\/span><\/p>\n                    <p><span style=\"font-family: &quot;Times New Roman&quot;;\">La lymphe<\/span><\/p>\n                    <p><span style=\"font-family: &quot;Times New Roman&quot;;\">Elle se charge d&rsquo;une partie des d\u00e9chets de l&rsquo;activit\u00e9 cellulaire via les tissus intercellulaires.<\/span><\/p>\n                    <p><span style=\"font-family: &quot;Times New Roman&quot;;\">La lymphe est \u00e9pur\u00e9e par le passage dans les ganglions.<\/span><\/p>\n                    <p><span style=\"font-family: &quot;Times New Roman&quot;;\">La circulation lymphatique est cependant aussi une des causes principales de diss\u00e9mination de cellules canc\u00e9reuses \u00e0 l&rsquo;ensemble de l&rsquo;organisme.<\/span><\/p>\n                    <p><span style=\"font-family: &quot;Times New Roman&quot;;\">Chez les personnes immobilis\u00e9es ou s\u00e9dentaires, la circulation lymphatique n&rsquo;est pas favoris\u00e9e et la lymphe s&rsquo;accumule au niveau des membres inf\u00e9rieurs. Dans ce cas, un drainage lymphatique manuel ou m\u00e9canique permet de simuler un effet de pompe pour&nbsp;<\/span>\n                      <span\n                        style=\"font-family: &quot;Times New Roman&quot;; font-size: 11pt;\">relancer la circulation de la lymphe.<\/span>\n                    <\/p>\n                  <\/div>\n                <\/div>\n              <\/div>\n            <\/div>\n          <\/div>\n        <\/div>\n      <\/div>\n    <\/div>\n  <\/div>\n<\/div>","protected":false},"excerpt":{"rendered":"<p>Temps&nbsp;: 1h -1h15 Le drainage lymphatique Technique de Vodder : &#8211; nettoie le corps,&nbsp;diminue les risques d\u2019infection,&nbsp;tonifie les intestins, &#8211; fortifie le syst\u00e8me immunitaire,&nbsp;Rel\u00e2che le syst\u00e8me nerveux,&nbsp;acc\u00e9l\u00e8re la cicatrisation, &#8211; diminue la cellulite, les varices et l\u2019insuffisance veineuse, &#8211; efficace dans le cas de lympoed\u00e8me du bras suite \u00e0 un cancer du sein &#8211; soulage [&hellip;]<\/p>\n","protected":false},"author":1,"featured_media":0,"parent":0,"menu_order":0,"comment_status":"closed","ping_status":"closed","template":"page-templates\/full-width-page.php","meta":[],"_links":{"self":[{"href":"https:\/\/www.aubonheurdesmassages.com\/index.php\/wp-json\/wp\/v2\/pages\/129"}],"collection":[{"href":"https:\/\/www.aubonheurdesmassages.com\/index.php\/wp-json\/wp\/v2\/pages"}],"about":[{"href":"https:\/\/www.aubonheurdesmassages.com\/index.php\/wp-json\/wp\/v2\/types\/page"}],"author":[{"embeddable":true,"href":"https:\/\/www.aubonheurdesmassages.com\/index.php\/wp-json\/wp\/v2\/users\/1"}],"replies":[{"embeddable":true,"href":"https:\/\/www.aubonheurdesmassages.com\/index.php\/wp-json\/wp\/v2\/comments?post=129"}],"version-history":[{"count":2,"href":"https:\/\/www.aubonheurdesmassages.com\/index.php\/wp-json\/wp\/v2\/pages\/129\/revisions"}],"predecessor-version":[{"id":399,"href":"https:\/\/www.aubonheurdesmassages.com\/index.php\/wp-json\/wp\/v2\/pages\/129\/revisions\/399"}],"wp:attachment":[{"href":"https:\/\/www.aubonheurdesmassages.com\/index.php\/wp-json\/wp\/v2\/media?parent=129"}],"curies":[{"name":"wp","href":"https:\/\/api.w.org\/{rel}","templated":true}]}}