{"id":123,"date":"2021-02-24T13:12:50","date_gmt":"2021-02-24T13:12:50","guid":{"rendered":"https:\/\/sylvia.ataraxie.fr\/?page_id=123"},"modified":"2023-04-17T09:00:04","modified_gmt":"2023-04-17T09:00:04","slug":"massage-imperial-dynamisant-mental-et-energetique","status":"publish","type":"page","link":"https:\/\/www.aubonheurdesmassages.com\/index.php\/massage-imperial-dynamisant-mental-et-energetique\/","title":{"rendered":"MASSAGE IMP\u00c9RIAL\u00ae Dynamisant mental et \u00e9nerg\u00e9tique"},"content":{"rendered":"<div data-colibri-id=\"123-c1\" class=\"style-490 style-local-123-c1 position-relative\">\n  <!---->\n  <div data-colibri-component=\"section\" data-colibri-id=\"123-c2\" id=\"about\" class=\"h-section h-section-global-spacing d-flex align-items-lg-center align-items-md-center align-items-center style-491 style-local-123-c2 position-relative\">\n    <!---->\n    <!---->\n    <div class=\"h-section-grid-container h-section-boxed-container\">\n      <!---->\n      <div data-colibri-id=\"123-c3\" class=\"h-row-container gutters-row-lg-0 gutters-row-md-0 gutters-row-0 gutters-row-v-lg-0 gutters-row-v-md-0 gutters-row-v-0 style-492 style-local-123-c3 position-relative\">\n        <!---->\n        <div class=\"h-row justify-content-lg-center justify-content-md-center justify-content-center align-items-lg-stretch align-items-md-stretch align-items-stretch gutters-col-lg-0 gutters-col-md-0 gutters-col-0 gutters-col-v-lg-0 gutters-col-v-md-0 gutters-col-v-0\">\n          <!---->\n          <div class=\"h-column h-column-container d-flex h-col-lg-auto h-col-md-auto h-col-auto style-493-outer style-local-123-c4-outer\">\n            <div data-colibri-id=\"123-c4\" class=\"d-flex h-flex-basis h-column__inner h-ui-empty-state-container h-px-lg-0 h-px-md-0 h-px-0 v-inner-lg-0 v-inner-md-0 v-inner-0 style-493 style-local-123-c4 position-relative\">\n              <!---->\n              <!---->\n              <div class=\"w-100 h-y-container h-column__content h-column__v-align flex-basis-100\">\n                <!---->\n              <\/div>\n            <\/div>\n          <\/div>\n          <div class=\"h-column h-column-container d-flex h-col-lg-auto h-col-md-auto h-col-auto style-494-outer style-local-123-c5-outer\">\n            <div data-colibri-id=\"123-c5\" class=\"d-flex h-flex-basis h-column__inner h-px-lg-2 h-px-md-2 h-px-2 v-inner-lg-2 v-inner-md-2 v-inner-2 style-494 style-local-123-c5 position-relative\">\n              <!---->\n              <!---->\n              <div class=\"w-100 h-y-container h-column__content h-column__v-align flex-basis-100 align-self-lg-start align-self-md-start align-self-start\">\n                <!---->\n                <div data-colibri-id=\"123-c8\" class=\"h-text h-text-component style-497 style-local-123-c8 position-relative h-element\">\n                  <!---->\n                  <!---->\n                  <div class=\"\">\n                    <p><span style=\"font-family: &quot;Times New Roman&quot;;\">Temps 1h-1h15 <\/span><\/p>\n                    <p><span style=\"font-family: &quot;Times New Roman&quot;;\">Cr\u00e9\u00e9 en 1997 par Eric Darves-Bornoz, le massage Imp\u00e9rial est \u00e9tudi\u00e9 pour relancer les \u00e9nergies de d\u00e9fenses et de combativit\u00e9, il s\u201binscrit parfaitement dans l\u201baide \u00e0 apporter \u00e0 une personne en souffrance psychologique : passage \u00e0 vide, d\u00e9prime, d\u00e9pression, stress pour un entretien d\u201bembauche, un examen, se relancer, etc\u2026<\/span><\/p>\n                    <p><span style=\"font-family: &quot;Times New Roman&quot;;\">En permettant de rel\u00e2cher les tensions, en activant les \u00e9nergies de d\u00e9fenses, de combat, de volont\u00e9 et de courage, la personne retrouvera le go\u00fbt de la vie, l\u201benvie d\u201baction, l\u201benvie d\u201bagir, la confiance et la force.<\/span><\/p>\n                    <p><span style=\"font-size: 11pt; font-family: &quot;Times New Roman&quot;;\">certificat de formation reconnu par la FFMTR<\/span><\/p>\n                  <\/div>\n                <\/div>\n              <\/div>\n            <\/div>\n          <\/div>\n        <\/div>\n      <\/div>\n    <\/div>\n  <\/div>\n<\/div>","protected":false},"excerpt":{"rendered":"<p>Temps 1h-1h15 Cr\u00e9\u00e9 en 1997 par Eric Darves-Bornoz, le massage Imp\u00e9rial est \u00e9tudi\u00e9 pour relancer les \u00e9nergies de d\u00e9fenses et de combativit\u00e9, il s\u201binscrit parfaitement dans l\u201baide \u00e0 apporter \u00e0 une personne en souffrance psychologique : passage \u00e0 vide, d\u00e9prime, d\u00e9pression, stress pour un entretien d\u201bembauche, un examen, se relancer, etc\u2026 En permettant de rel\u00e2cher [&hellip;]<\/p>\n","protected":false},"author":1,"featured_media":0,"parent":0,"menu_order":0,"comment_status":"closed","ping_status":"closed","template":"page-templates\/full-width-page.php","meta":[],"_links":{"self":[{"href":"https:\/\/www.aubonheurdesmassages.com\/index.php\/wp-json\/wp\/v2\/pages\/123"}],"collection":[{"href":"https:\/\/www.aubonheurdesmassages.com\/index.php\/wp-json\/wp\/v2\/pages"}],"about":[{"href":"https:\/\/www.aubonheurdesmassages.com\/index.php\/wp-json\/wp\/v2\/types\/page"}],"author":[{"embeddable":true,"href":"https:\/\/www.aubonheurdesmassages.com\/index.php\/wp-json\/wp\/v2\/users\/1"}],"replies":[{"embeddable":true,"href":"https:\/\/www.aubonheurdesmassages.com\/index.php\/wp-json\/wp\/v2\/comments?post=123"}],"version-history":[{"count":2,"href":"https:\/\/www.aubonheurdesmassages.com\/index.php\/wp-json\/wp\/v2\/pages\/123\/revisions"}],"predecessor-version":[{"id":374,"href":"https:\/\/www.aubonheurdesmassages.com\/index.php\/wp-json\/wp\/v2\/pages\/123\/revisions\/374"}],"wp:attachment":[{"href":"https:\/\/www.aubonheurdesmassages.com\/index.php\/wp-json\/wp\/v2\/media?parent=123"}],"curies":[{"name":"wp","href":"https:\/\/api.w.org\/{rel}","templated":true}]}}